{"id":175,"date":"2022-03-25T09:13:21","date_gmt":"2022-03-25T09:13:21","guid":{"rendered":"https:\/\/flechaextreme.com\/reservas\/?post_type=product&#038;p=175"},"modified":"2022-06-14T18:56:59","modified_gmt":"2022-06-14T18:56:59","slug":"kitesurf","status":"publish","type":"product","link":"https:\/\/flechaextreme.com\/reservas\/producto\/kitesurf\/","title":{"rendered":"Reserva Cursos de Kitesurf"},"content":{"rendered":"<p>Puedes consultar el resto de condiciones en nuestra web\u00a0<a href=\"http:\/\/www.flechaextreme.com\/kitesurf\">FlechaXtreme<\/a><\/p>\n<p>Nuestras tarifas son:<\/p>\n<ul>\n<li><strong>Curso Kitesurf Bautismo<\/strong><br \/>\n70\u20ac- Semiprivado<br \/>\n140\u20ac-Privado<\/p>\n<hr \/>\n<\/li>\n<li><strong>Curso Kitesurf Iniciaci\u00f3n<\/strong><br \/>\n250\u20ac-Semiprivado<br \/>\n400\u20ac-Privado<\/p>\n<hr \/>\n<\/li>\n<li><strong>Curso Kitesurf Perfeccionamiento<\/strong><br \/>\n70\u20ac-Semiprivado<br \/>\n130-Privado<\/li>\n<\/ul>\n","protected":false},"excerpt":{"rendered":"<p><strong>BAUTISMO &#8211; INICIACI\u00d3N &#8211; PERFECCIONAMIENTO<br \/>\n<\/strong><em>A partir de las 16:00<br \/>\n<\/em><\/p>\n<hr \/>\n<p>Aqu\u00ed podr\u00e1s hacer la reserva de tu <strong>CURSO DE KITESURF<\/strong>. Tan solo tendr\u00e1s que elegir el d\u00eda que te venga mejor. El resto del pago lo podr\u00e1s hacer directamente en nuestras instalaciones.<\/p>\n<p>Recuerda consultar nuestra\u00a0<a href=\"https:\/\/flechaextreme.com\/reservas\/reembolso_devoluciones\/\">Pol\u00edtica de devoluciones y reembolsos<\/a><\/p>\n","protected":false},"featured_media":210,"comment_status":"closed","ping_status":"closed","template":"","meta":{"site-sidebar-layout":"default","site-content-layout":"default","ast-site-content-layout":"default","site-content-style":"default","site-sidebar-style":"default","ast-global-header-display":"","ast-banner-title-visibility":"","ast-main-header-display":"","ast-hfb-above-header-display":"","ast-hfb-below-header-display":"","ast-hfb-mobile-header-display":"","site-post-title":"","ast-breadcrumbs-content":"","ast-featured-img":"","footer-sml-layout":"","ast-disable-related-posts":"","theme-transparent-header-meta":"default","adv-header-id-meta":"","stick-header-meta":"","header-above-stick-meta":"","header-main-stick-meta":"","header-below-stick-meta":"","astra-migrate-meta-layouts":"default","ast-page-background-enabled":"default","ast-page-background-meta":{"desktop":{"background-color":"var(--ast-global-color-4)","background-image":"","background-repeat":"repeat","background-position":"center center","background-size":"auto","background-attachment":"scroll","background-type":"","background-media":"","overlay-type":"","overlay-color":"","overlay-opacity":"","overlay-gradient":""},"tablet":{"background-color":"","background-image":"","background-repeat":"repeat","background-position":"center center","background-size":"auto","background-attachment":"scroll","background-type":"","background-media":"","overlay-type":"","overlay-color":"","overlay-opacity":"","overlay-gradient":""},"mobile":{"background-color":"","background-image":"","background-repeat":"repeat","background-position":"center center","background-size":"auto","background-attachment":"scroll","background-type":"","background-media":"","overlay-type":"","overlay-color":"","overlay-opacity":"","overlay-gradient":""}},"ast-content-background-meta":{"desktop":{"background-color":"var(--ast-global-color-5)","background-image":"","background-repeat":"repeat","background-position":"center center","background-size":"auto","background-attachment":"scroll","background-type":"","background-media":"","overlay-type":"","overlay-color":"","overlay-opacity":"","overlay-gradient":""},"tablet":{"background-color":"var(--ast-global-color-5)","background-image":"","background-repeat":"repeat","background-position":"center center","background-size":"auto","background-attachment":"scroll","background-type":"","background-media":"","overlay-type":"","overlay-color":"","overlay-opacity":"","overlay-gradient":""},"mobile":{"background-color":"var(--ast-global-color-5)","background-image":"","background-repeat":"repeat","background-position":"center center","background-size":"auto","background-attachment":"scroll","background-type":"","background-media":"","overlay-type":"","overlay-color":"","overlay-opacity":"","overlay-gradient":""}}},"product_brand":[],"product_cat":[29],"product_tag":[],"class_list":{"0":"post-175","1":"product","2":"type-product","3":"status-publish","4":"has-post-thumbnail","6":"product_cat-actividades","7":"desktop-align-left","8":"tablet-align-left","9":"mobile-align-left","11":"first","12":"instock","13":"sold-individually","14":"taxable","15":"shipping-taxable","16":"purchasable","17":"product-type-variable"},"_links":{"self":[{"href":"https:\/\/flechaextreme.com\/reservas\/wp-json\/wp\/v2\/product\/175","targetHints":{"allow":["GET"]}}],"collection":[{"href":"https:\/\/flechaextreme.com\/reservas\/wp-json\/wp\/v2\/product"}],"about":[{"href":"https:\/\/flechaextreme.com\/reservas\/wp-json\/wp\/v2\/types\/product"}],"replies":[{"embeddable":true,"href":"https:\/\/flechaextreme.com\/reservas\/wp-json\/wp\/v2\/comments?post=175"}],"wp:featuredmedia":[{"embeddable":true,"href":"https:\/\/flechaextreme.com\/reservas\/wp-json\/wp\/v2\/media\/210"}],"wp:attachment":[{"href":"https:\/\/flechaextreme.com\/reservas\/wp-json\/wp\/v2\/media?parent=175"}],"wp:term":[{"taxonomy":"product_brand","embeddable":true,"href":"https:\/\/flechaextreme.com\/reservas\/wp-json\/wp\/v2\/product_brand?post=175"},{"taxonomy":"product_cat","embeddable":true,"href":"https:\/\/flechaextreme.com\/reservas\/wp-json\/wp\/v2\/product_cat?post=175"},{"taxonomy":"product_tag","embeddable":true,"href":"https:\/\/flechaextreme.com\/reservas\/wp-json\/wp\/v2\/product_tag?post=175"}],"curies":[{"name":"wp","href":"https:\/\/api.w.org\/{rel}","templated":true}]}}